{"id":12771,"date":"2022-08-15T17:45:13","date_gmt":"2022-08-15T16:45:13","guid":{"rendered":"https:\/\/mia-more.fr\/?page_id=12771"},"modified":"2024-06-03T15:34:30","modified_gmt":"2024-06-03T14:34:30","slug":"a-propos-de-vous-et-moi","status":"publish","type":"page","link":"https:\/\/mia-more.fr\/en\/a-propos-de-vous-et-moi\/","title":{"rendered":"\u00c1 propos de vous et moi"},"content":{"rendered":"\t\t<div data-elementor-type=\"wp-page\" data-elementor-id=\"12771\" class=\"elementor elementor-12771\" data-elementor-post-type=\"page\">\n\t\t\t\t\t\t<section class=\"elementor-section elementor-top-section elementor-element elementor-element-514dda2 elementor-section-boxed elementor-section-height-default elementor-section-height-default\" data-id=\"514dda2\" data-element_type=\"section\" data-e-type=\"section\" data-settings=\"{&quot;background_background&quot;:&quot;classic&quot;}\">\n\t\t\t\t\t\t\t<div class=\"elementor-background-overlay\"><\/div>\n\t\t\t\t\t\t\t<div class=\"elementor-container elementor-column-gap-default\">\n\t\t\t\t\t<div class=\"elementor-column elementor-col-100 elementor-top-column elementor-element elementor-element-1d88afc\" data-id=\"1d88afc\" data-element_type=\"column\" data-e-type=\"column\">\n\t\t\t<div class=\"elementor-widget-wrap elementor-element-populated\">\n\t\t\t\t\t\t<div class=\"elementor-element elementor-element-3cdbac5 gradient-title elementor-widget elementor-widget-heading\" data-id=\"3cdbac5\" data-element_type=\"widget\" data-e-type=\"widget\" data-widget_type=\"heading.default\">\n\t\t\t\t<div class=\"elementor-widget-container\">\n\t\t\t\t\t<h1 class=\"elementor-heading-title elementor-size-default\">A propos de vous et moi<\/h1>\t\t\t\t<\/div>\n\t\t\t\t<\/div>\n\t\t\t\t<section class=\"elementor-section elementor-inner-section elementor-element elementor-element-8ea37d4 elementor-section-boxed elementor-section-height-default elementor-section-height-default\" data-id=\"8ea37d4\" data-element_type=\"section\" data-e-type=\"section\">\n\t\t\t\t\t\t<div class=\"elementor-container elementor-column-gap-wide\">\n\t\t\t\t\t<div class=\"elementor-column elementor-col-50 elementor-inner-column elementor-element elementor-element-606b79c\" data-id=\"606b79c\" data-element_type=\"column\" data-e-type=\"column\">\n\t\t\t<div class=\"elementor-widget-wrap elementor-element-populated\">\n\t\t\t\t\t\t<div class=\"elementor-element elementor-element-0a4f584 elementor-widget elementor-widget-text-editor\" data-id=\"0a4f584\" data-element_type=\"widget\" data-e-type=\"widget\" data-widget_type=\"text-editor.default\">\n\t\t\t\t<div class=\"elementor-widget-container\">\n\t\t\t\t\t\t\t\t\t<h2 class=\"zw-paragraph heading5\" data-header=\"5\" data-margin-bottom=\"12.2pt\" data-margin-top=\"1.74pt\" data-hd-info=\"5\" data-line-height=\"1.4\" data-writer-border-info=\"{&quot;border-sides&quot;:[&quot;border-top&quot;,&quot;border-right&quot;,&quot;border-left&quot;,&quot;border-bottom&quot;]}\">Moi\u2026<span data-range-char-type=\"start\" data-bookmark-info=\"{&quot;type&quot;:&quot;bookmark&quot;,&quot;id&quot;:&quot;toc_4awh20s9drrs&quot;,&quot;name&quot;:&quot;_Toctxa5ara51dcd&quot;}\" data-bookmark-id=\"toc_4awh20s9drrs\">\u00a0<\/span><span data-range-char-type=\"end\" data-bookmark-info=\"{&quot;type&quot;:&quot;bookmark&quot;,&quot;id&quot;:&quot;toc_4awh20s9drrs&quot;,&quot;name&quot;:&quot;_Toctxa5ara51dcd&quot;}\" data-bookmark-id=\"toc_4awh20s9drrs\">\u00a0<\/span><\/h2><p class=\"zw-paragraph heading0\" data-header=\"0\" data-textformat=\"{&quot;size&quot;:&quot;10.50&quot;,&quot;fgc&quot;:&quot;rgb(0, 0, 0)&quot;,&quot;type&quot;:&quot;text&quot;}\" data-margin-bottom=\"10.5pt\" data-hd-info=\"0\" data-line-height=\"1.5\">Jeune femme de 33 ans aux cheveux ch\u00e2tains\/blonds, yeux bleus, pulpeuse, sexy regard innocent, avec un magnifique cul para\u00eet-il ! Formes voluptueuses, fesses bien galb\u00e9es\u2026J\u2019ai une forte libido et je suis insatiable, je suis chaude la plupart du temps, c\u2019est pourquoi un jour j\u2019ai choisi ce m\u00e9tier et je ne regrette pas !<\/p><p class=\"zw-paragraph heading0\" data-header=\"0\" data-textformat=\"{&quot;size&quot;:&quot;10.50&quot;,&quot;fgc&quot;:&quot;rgb(0, 0, 0)&quot;,&quot;type&quot;:&quot;text&quot;}\" data-margin-bottom=\"10.5pt\" data-hd-info=\"0\" data-line-height=\"1.5\">Je suis tr\u00e8s ouverte d\u2019esprit, nous pouvons parler de tout ou ne pas parler du tout si vous \u00eates trop timide ou que vous voulez juste un rendez-vous animal !!! Je suis d\u2019une nature d\u00e9tendue, je saurais vous d\u00e9tendre et vous faire oublier le stress quotidien\u2026<\/p><p class=\"zw-paragraph heading0\" data-header=\"0\" data-textformat=\"{&quot;size&quot;:&quot;10.50&quot;,&quot;fgc&quot;:&quot;rgb(0, 0, 0)&quot;,&quot;type&quot;:&quot;text&quot;}\" data-margin-bottom=\"10.5pt\" data-hd-info=\"0\" data-line-height=\"1.5\">Je n\u2019aime pas :<\/p><p class=\"zw-paragraph heading0\" data-header=\"0\" data-textformat=\"{&quot;size&quot;:&quot;10.50&quot;,&quot;fgc&quot;:&quot;rgb(0, 0, 0)&quot;,&quot;type&quot;:&quot;text&quot;}\" data-margin-bottom=\"10.5pt\" data-hd-info=\"0\" data-line-height=\"1.5\">-recevoir de sodomie<\/p><p class=\"zw-paragraph heading0\" data-header=\"0\" data-textformat=\"{&quot;size&quot;:&quot;10.50&quot;,&quot;fgc&quot;:&quot;rgb(0, 0, 0)&quot;,&quot;type&quot;:&quot;text&quot;}\" data-margin-bottom=\"10.5pt\" data-hd-info=\"0\" data-line-height=\"1.5\">-les bisous\/l\u00e9chouilles dans l\u2019oreille<\/p><p class=\"zw-paragraph heading0\" data-header=\"0\" data-textformat=\"{&quot;size&quot;:&quot;10.50&quot;,&quot;fgc&quot;:&quot;rgb(0, 0, 0)&quot;,&quot;type&quot;:&quot;text&quot;}\" data-margin-bottom=\"10.5pt\" data-hd-info=\"0\" data-line-height=\"1.5\">-les doigts\/l\u00e9chouilles dans le nombril<\/p><p class=\"zw-paragraph heading0\" data-header=\"0\" data-textformat=\"{&quot;size&quot;:&quot;10.50&quot;,&quot;fgc&quot;:&quot;rgb(0, 0, 0)&quot;,&quot;type&quot;:&quot;text&quot;}\" data-margin-bottom=\"10.5pt\" data-hd-info=\"0\" data-line-height=\"1.5\">Habill\u00e9e en robe sexy ou jeans, talons hauts ou baskets, nue sous un manteau ou juste en lingerie fine, je saurais m\u2019adapter \u00e0 vos attentes, il suffit de les exprimer.<\/p><p class=\"zw-paragraph heading0\" data-header=\"0\" data-textformat=\"{&quot;size&quot;:&quot;10.50&quot;,&quot;fgc&quot;:&quot;rgb(0, 0, 0)&quot;,&quot;type&quot;:&quot;text&quot;}\" data-margin-bottom=\"10.5pt\" data-hd-info=\"0\" data-line-height=\"1.5\"><span style=\"text-decoration: underline;\">Discr\u00e9tion et le respect de la vie priv\u00e9e.<\/span><\/p><p class=\"zw-paragraph heading0\" data-header=\"0\" data-textformat=\"{&quot;size&quot;:&quot;10.50&quot;,&quot;fgc&quot;:&quot;rgb(0, 0, 0)&quot;,&quot;type&quot;:&quot;text&quot;}\" data-margin-bottom=\"10.5pt\" data-hd-info=\"0\" data-line-height=\"1.5\">Pour aller plus loin dans la d\u00e9couverte, vous pouvez me retrouver sur les r\u00e9seaux sociaux et quelques sites d\u2019abonnement photos\/vid\u00e9os\u2026<a href=\"https:\/\/allmylinks.com\/miam-ma-mia\" rel=\"nofollow noopener\" target=\"_blank\">Tous mes liens ici<\/a><\/p><p data-header=\"0\" data-textformat=\"{&quot;size&quot;:&quot;10.50&quot;,&quot;fgc&quot;:&quot;rgb(0, 0, 0)&quot;,&quot;type&quot;:&quot;text&quot;}\" data-margin-bottom=\"10.5pt\" data-hd-info=\"0\" data-line-height=\"1.5\">Je parle fran\u00e7ais, anglais et espagnol.<\/p><h2 class=\"zw-paragraph heading5\" data-header=\"5\" data-margin-bottom=\"12.2pt\" data-margin-top=\"1.74pt\" data-hd-info=\"5\" data-line-height=\"1.4\" data-writer-border-info=\"{&quot;border-sides&quot;:[&quot;border-top&quot;,&quot;border-right&quot;,&quot;border-left&quot;,&quot;border-bottom&quot;]}\">Vous\u2026<span data-range-char-type=\"start\" data-bookmark-info=\"{&quot;type&quot;:&quot;bookmark&quot;,&quot;id&quot;:&quot;toc_n8sm6ccmxe6a&quot;,&quot;name&quot;:&quot;_Tocizzhtp7mz6a3&quot;}\" data-bookmark-id=\"toc_n8sm6ccmxe6a\">\u00a0<\/span><span data-range-char-type=\"end\" data-bookmark-info=\"{&quot;type&quot;:&quot;bookmark&quot;,&quot;id&quot;:&quot;toc_n8sm6ccmxe6a&quot;,&quot;name&quot;:&quot;_Tocizzhtp7mz6a3&quot;}\" data-bookmark-id=\"toc_n8sm6ccmxe6a\">\u00a0<\/span><\/h2><p class=\"zw-paragraph heading0\" data-header=\"0\" data-textformat=\"{&quot;size&quot;:&quot;10.50&quot;,&quot;fgc&quot;:&quot;rgb(0, 0, 0)&quot;,&quot;type&quot;:&quot;text&quot;}\" data-margin-bottom=\"10.5pt\" data-hd-info=\"0\" data-line-height=\"1.5\">J\u2019aime les hommes qui prennent des initiatives, qui savent ce qu\u2019ils veulent.<br class=\"zw-br\" \/>Mais aussi ponctuels, haleine fra\u00eeche (fumeurs : merci de prendre un petit Tic Tac!), prenant soin d\u2019eux, de toute origine ethnique.<\/p><p class=\"zw-paragraph heading0\" data-header=\"0\" data-textformat=\"{&quot;size&quot;:&quot;10.50&quot;,&quot;fgc&quot;:&quot;rgb(0, 0, 0)&quot;,&quot;type&quot;:&quot;text&quot;}\" data-margin-bottom=\"10.5pt\" data-hd-info=\"0\" data-line-height=\"1.5\">L\u2019\u00e2ge n\u2019a pas d\u2019importance pour moi, vous devez seulement \u00eatre majeur.<\/p><p class=\"zw-paragraph heading0\" data-header=\"0\" data-textformat=\"{&quot;size&quot;:&quot;10.50&quot;,&quot;fgc&quot;:&quot;rgb(0, 0, 0)&quot;,&quot;type&quot;:&quot;text&quot;}\" data-margin-bottom=\"10.5pt\" data-hd-info=\"0\" data-line-height=\"1.5\">J\u2019aime les gentlemen, j\u2019ai d\u00e9but\u00e9 il y a quelques ann\u00e9es \u00e0 Londres, o\u00f9 j\u2019ai d\u00e9couvert le vrai sens de ce mot !<\/p><p class=\"zw-paragraph heading0\" data-header=\"0\" data-textformat=\"{&quot;size&quot;:&quot;10.50&quot;,&quot;fgc&quot;:&quot;rgb(0, 0, 0)&quot;,&quot;type&quot;:&quot;text&quot;}\" data-margin-bottom=\"10.5pt\" data-hd-info=\"0\" data-line-height=\"1.5\">L\u2019hygi\u00e8ne \u00e9tant tr\u00e8s importante pour moi, j\u2019esp\u00e8re qu\u2019elle l\u2019est pour vous aussi. Merci d\u2019avoir les ongles courts et d\u00e9broussailler un minimum \u00e0 la tondeuse vos parties !!!<\/p><p class=\"zw-paragraph heading0\" data-header=\"0\" data-textformat=\"{&quot;size&quot;:&quot;10.50&quot;,&quot;fgc&quot;:&quot;rgb(0, 0, 0)&quot;,&quot;type&quot;:&quot;text&quot;}\" data-margin-bottom=\"10.5pt\" data-hd-info=\"0\" data-line-height=\"1.5\">Soyez mon amant pour une heure, la journ\u00e9e, autour d\u2019un d\u00e9jeuner ou d\u2019un d\u00eener, une sortie en club libertin ou simplement une soir\u00e9e intime et cosy \u00e0 votre h\u00f4tel.<\/p><p class=\"zw-paragraph\" data-margin-bottom=\"12pt\" data-line-height=\"1.2\"><span class=\"EOP\">\u00a0<\/span><\/p>\t\t\t\t\t\t\t\t<\/div>\n\t\t\t\t<\/div>\n\t\t\t\t\t<\/div>\n\t\t<\/div>\n\t\t\t\t<div class=\"elementor-column elementor-col-50 elementor-inner-column elementor-element elementor-element-f1a53f6\" data-id=\"f1a53f6\" data-element_type=\"column\" data-e-type=\"column\">\n\t\t\t<div class=\"elementor-widget-wrap elementor-element-populated\">\n\t\t\t\t\t\t<div class=\"elementor-element elementor-element-6893de5 elementor-widget elementor-widget-image\" data-id=\"6893de5\" data-element_type=\"widget\" data-e-type=\"widget\" data-widget_type=\"image.default\">\n\t\t\t\t<div class=\"elementor-widget-container\">\n\t\t\t\t\t\t\t\t\t\t\t\t\t\t\t<img fetchpriority=\"high\" decoding=\"async\" width=\"683\" height=\"1024\" src=\"https:\/\/mia-more.fr\/wp-content\/uploads\/2019\/03\/Bcommeboudoir-Mia-Jessika-LERAY-Photographe-Paris-IMG_9523-min-1-683x1024.jpg\" class=\"attachment-large size-large wp-image-10447\" alt=\"\" \/>\t\t\t\t\t\t\t\t\t\t\t\t\t\t\t<\/div>\n\t\t\t\t<\/div>\n\t\t\t\t\t<\/div>\n\t\t<\/div>\n\t\t\t\t\t<\/div>\n\t\t<\/section>\n\t\t\t\t\t<\/div>\n\t\t<\/div>\n\t\t\t\t\t<\/div>\n\t\t<\/section>\n\t\t\t\t<\/div>\n\t\t","protected":false},"excerpt":{"rendered":"<p>A propos de vous et moi Moi\u2026\u00a0\u00a0 Jeune femme de 33 ans aux cheveux ch\u00e2tains\/blonds, yeux bleus, pulpeuse, sexy regard innocent, avec un magnifique cul para\u00eet-il ! Formes voluptueuses, fesses bien galb\u00e9es\u2026J\u2019ai une forte libido et je suis insatiable, je suis chaude la plupart du temps, c\u2019est pourquoi un jour j\u2019ai choisi ce m\u00e9tier et [&hellip;]<\/p>\n","protected":false},"author":1,"featured_media":0,"parent":0,"menu_order":0,"comment_status":"closed","ping_status":"closed","template":"","meta":{"_jet_sm_ready_style":"","_jet_sm_style":"","_jet_sm_controls_values":"","_jet_sm_fonts_collection":"","_jet_sm_fonts_links":"","footnotes":""},"class_list":["post-12771","page","type-page","status-publish","hentry"],"_links":{"self":[{"href":"https:\/\/mia-more.fr\/en\/wp-json\/wp\/v2\/pages\/12771","targetHints":{"allow":["GET"]}}],"collection":[{"href":"https:\/\/mia-more.fr\/en\/wp-json\/wp\/v2\/pages"}],"about":[{"href":"https:\/\/mia-more.fr\/en\/wp-json\/wp\/v2\/types\/page"}],"author":[{"embeddable":true,"href":"https:\/\/mia-more.fr\/en\/wp-json\/wp\/v2\/users\/1"}],"replies":[{"embeddable":true,"href":"https:\/\/mia-more.fr\/en\/wp-json\/wp\/v2\/comments?post=12771"}],"version-history":[{"count":0,"href":"https:\/\/mia-more.fr\/en\/wp-json\/wp\/v2\/pages\/12771\/revisions"}],"wp:attachment":[{"href":"https:\/\/mia-more.fr\/en\/wp-json\/wp\/v2\/media?parent=12771"}],"curies":[{"name":"wp","href":"https:\/\/api.w.org\/{rel}","templated":true}]}}