{"id":12798,"date":"2022-08-15T18:01:21","date_gmt":"2022-08-15T17:01:21","guid":{"rendered":"https:\/\/mia-more.fr\/?page_id=12798"},"modified":"2026-03-12T16:17:15","modified_gmt":"2026-03-12T15:17:15","slug":"tarifs","status":"publish","type":"page","link":"https:\/\/mia-more.fr\/en\/tarifs\/","title":{"rendered":"Rates"},"content":{"rendered":"<div data-elementor-type=\"wp-page\" data-elementor-id=\"12798\" class=\"elementor elementor-12798\" data-elementor-post-type=\"page\">\n\t\t\t\t\t\t<section class=\"elementor-section elementor-top-section elementor-element elementor-element-d01edbe elementor-section-boxed elementor-section-height-default elementor-section-height-default\" data-id=\"d01edbe\" data-element_type=\"section\" data-e-type=\"section\" data-settings=\"{&quot;background_background&quot;:&quot;classic&quot;}\">\n\t\t\t\t\t\t\t<div class=\"elementor-background-overlay\"><\/div>\n\t\t\t\t\t\t\t<div class=\"elementor-container elementor-column-gap-default\">\n\t\t\t\t\t<div class=\"elementor-column elementor-col-100 elementor-top-column elementor-element elementor-element-2a266e4\" data-id=\"2a266e4\" data-element_type=\"column\" data-e-type=\"column\">\n\t\t\t<div class=\"elementor-widget-wrap elementor-element-populated\">\n\t\t\t\t\t\t<div class=\"elementor-element elementor-element-836eb99 gradient-title elementor-widget elementor-widget-heading\" data-id=\"836eb99\" data-element_type=\"widget\" data-e-type=\"widget\" data-widget_type=\"heading.default\">\n\t\t\t\t<div class=\"elementor-widget-container\">\n\t\t\t\t\t<h1 class=\"elementor-heading-title elementor-size-default\">Rates<\/h1>\t\t\t\t<\/div>\n\t\t\t\t<\/div>\n\t\t\t\t<section class=\"elementor-section elementor-inner-section elementor-element elementor-element-1bfa9fe elementor-section-boxed elementor-section-height-default elementor-section-height-default\" data-id=\"1bfa9fe\" data-element_type=\"section\" data-e-type=\"section\">\n\t\t\t\t\t\t<div class=\"elementor-container elementor-column-gap-default\">\n\t\t\t\t\t<div class=\"elementor-column elementor-col-50 elementor-inner-column elementor-element elementor-element-3a521a9\" data-id=\"3a521a9\" data-element_type=\"column\" data-e-type=\"column\">\n\t\t\t<div class=\"elementor-widget-wrap elementor-element-populated\">\n\t\t\t\t\t\t<div class=\"elementor-element elementor-element-8b37619 elementor-widget elementor-widget-text-editor\" data-id=\"8b37619\" data-element_type=\"widget\" data-e-type=\"widget\" data-widget_type=\"text-editor.default\">\n\t\t\t\t<div class=\"elementor-widget-container\">\n\t\t\t\t\t\t\t\t\t<p>Together let\u2019s turn your fantasies to reality!<span data-range-char-type=\"start\" data-bookmark-info=\"{&quot;type&quot;:&quot;bookmark&quot;,&quot;id&quot;:&quot;toc_r0ozx00g9dlj&quot;,&quot;name&quot;:&quot;_Toc41ablg3mz26d&quot;}\" data-bookmark-id=\"toc_r0ozx00g9dlj\">\u00a0<\/span><span data-range-char-type=\"end\" data-bookmark-info=\"{&quot;type&quot;:&quot;bookmark&quot;,&quot;id&quot;:&quot;toc_r0ozx00g9dlj&quot;,&quot;name&quot;:&quot;_Toc41ablg3mz26d&quot;}\" data-bookmark-id=\"toc_r0ozx00g9dlj\">\u00a0<\/span><\/p><p class=\"zw-paragraph heading0\" data-header=\"0\" data-textformat=\"{&quot;size&quot;:&quot;12.00&quot;,&quot;fgc&quot;:&quot;rgb(0, 0, 0)&quot;,&quot;type&quot;:&quot;text&quot;}\" data-margin-bottom=\"0pt\" data-hd-info=\"0\" data-line-height=\"1.2\"><em>Tarifs en EUR, non-n\u00e9gociables, non-fractionnables, pas la peine de demander !<\/em><\/p><p class=\"zw-paragraph heading0\" data-header=\"0\" data-textformat=\"{&quot;size&quot;:&quot;12.00&quot;,&quot;fgc&quot;:&quot;rgb(0, 0, 0)&quot;,&quot;type&quot;:&quot;text&quot;}\" data-margin-bottom=\"0pt\" data-hd-info=\"0\" data-line-height=\"1.2\">30 minutes : 150<\/p><p class=\"zw-paragraph heading0\" data-header=\"0\" data-textformat=\"{&quot;size&quot;:&quot;12.00&quot;,&quot;fgc&quot;:&quot;rgb(0, 0, 0)&quot;,&quot;type&quot;:&quot;text&quot;}\" data-margin-bottom=\"0pt\" data-hd-info=\"0\" data-line-height=\"1.2\">1 hour :250<\/p><p class=\"zw-paragraph heading0\" data-header=\"0\" data-textformat=\"{&quot;size&quot;:&quot;12.00&quot;,&quot;fgc&quot;:&quot;rgb(0, 0, 0)&quot;,&quot;type&quot;:&quot;text&quot;}\" data-margin-bottom=\"0pt\" data-hd-info=\"0\" data-line-height=\"1.2\">1 h 1\/2 : 350<\/p><p class=\"zw-paragraph heading0\" data-header=\"0\" data-textformat=\"{&quot;size&quot;:&quot;12.00&quot;,&quot;fgc&quot;:&quot;rgb(0, 0, 0)&quot;,&quot;type&quot;:&quot;text&quot;}\" data-margin-bottom=\"0pt\" data-hd-info=\"0\" data-line-height=\"1.2\">2 h : 450<\/p><p class=\"zw-paragraph heading0\" data-header=\"0\" data-textformat=\"{&quot;size&quot;:&quot;12.00&quot;,&quot;fgc&quot;:&quot;rgb(0, 0, 0)&quot;,&quot;type&quot;:&quot;text&quot;}\" data-margin-bottom=\"0pt\" data-hd-info=\"0\" data-line-height=\"1.2\">2h1\/2 : 550<\/p><p class=\"zw-paragraph heading0\" data-header=\"0\" data-textformat=\"{&quot;size&quot;:&quot;12.00&quot;,&quot;fgc&quot;:&quot;rgb(0, 0, 0)&quot;,&quot;type&quot;:&quot;text&quot;}\" data-margin-bottom=\"0pt\" data-hd-info=\"0\" data-line-height=\"1.2\">3 h : 650<\/p><p class=\"zw-paragraph heading0\" data-header=\"0\" data-textformat=\"{&quot;size&quot;:&quot;12.00&quot;,&quot;fgc&quot;:&quot;rgb(0, 0, 0)&quot;,&quot;type&quot;:&quot;text&quot;}\" data-margin-bottom=\"0pt\" data-hd-info=\"0\" data-line-height=\"1.2\">.<br class=\"zw-br\" \/>etc ( 200 par heure supp)<br class=\"zw-br\" \/>.<br class=\"zw-br\" \/>Overnight :1200<br class=\"zw-br\" \/>Weekend : 3500<\/p><p class=\"zw-paragraph heading0\" data-header=\"0\" data-textformat=\"{&quot;size&quot;:&quot;12.00&quot;,&quot;fgc&quot;:&quot;rgb(0, 0, 0)&quot;,&quot;type&quot;:&quot;text&quot;}\" data-margin-bottom=\"0pt\" data-hd-info=\"0\" data-line-height=\"1.2\">Social Time : 75\/h<\/p><h2 class=\"zw-paragraph heading2\" data-header=\"2\" data-margin-bottom=\"14.94pt\" data-margin-top=\"14.94pt\" data-hd-info=\"2\" data-line-height=\"1.2\">Extras<span data-range-char-type=\"start\" data-bookmark-info=\"{&quot;type&quot;:&quot;bookmark&quot;,&quot;id&quot;:&quot;toc_mjarqnwn9wvu&quot;,&quot;name&quot;:&quot;_Tocd91mi9fduxnp&quot;}\" data-bookmark-id=\"toc_mjarqnwn9wvu\">\u00a0<\/span><span data-range-char-type=\"end\" data-bookmark-info=\"{&quot;type&quot;:&quot;bookmark&quot;,&quot;id&quot;:&quot;toc_mjarqnwn9wvu&quot;,&quot;name&quot;:&quot;_Tocd91mi9fduxnp&quot;}\" data-bookmark-id=\"toc_mjarqnwn9wvu\">\u00a0<\/span><\/h2><p class=\"zw-paragraph heading0\" data-header=\"0\" data-textformat=\"{&quot;size&quot;:&quot;12.00&quot;,&quot;fgc&quot;:&quot;rgb(0, 0, 0)&quot;,&quot;type&quot;:&quot;text&quot;}\" data-margin-bottom=\"12pt\" data-margin-top=\"12pt\" data-hd-info=\"0\" data-line-height=\"1.2\">Rimming : +50<\/p><p class=\"zw-paragraph heading0\" data-header=\"0\" data-textformat=\"{&quot;size&quot;:&quot;12.00&quot;,&quot;fgc&quot;:&quot;rgb(0, 0, 0)&quot;,&quot;type&quot;:&quot;text&quot;}\" data-margin-bottom=\"12pt\" data-margin-top=\"12pt\" data-hd-info=\"0\" data-line-height=\"1.2\">CIM\/COF : +50<\/p><p data-header=\"0\" data-textformat=\"{&quot;size&quot;:&quot;12.00&quot;,&quot;fgc&quot;:&quot;rgb(0, 0, 0)&quot;,&quot;type&quot;:&quot;text&quot;}\" data-margin-bottom=\"12pt\" data-margin-top=\"12pt\" data-hd-info=\"0\" data-line-height=\"1.2\">Golden shower : +50<\/p><p data-header=\"0\" data-textformat=\"{&quot;size&quot;:&quot;12.00&quot;,&quot;fgc&quot;:&quot;rgb(0, 0, 0)&quot;,&quot;type&quot;:&quot;text&quot;}\" data-margin-bottom=\"12pt\" data-margin-top=\"12pt\" data-hd-info=\"0\" data-line-height=\"1.2\">Paiement Esp\u00e8ces ou Cryptos.<\/p><p><a href=\"https:\/\/mia-more.fr\/en\/les-acomptes\/\">ACOMPTE<\/a> obligatoire, le reste du paiement doit \u00eatre effectu\u00e9 dans les premi\u00e8res minutes de notre rencontre.<\/p><p dir=\"auto\">I reserve the right to refuse any person for lack of hygiene, drunkenness, or lack of manners.<\/p>\t\t\t\t\t\t\t\t<\/div>\n\t\t\t\t<\/div>\n\t\t\t\t\t<\/div>\n\t\t<\/div>\n\t\t\t\t<div class=\"elementor-column elementor-col-50 elementor-inner-column elementor-element elementor-element-0a5ce14\" data-id=\"0a5ce14\" data-element_type=\"column\" data-e-type=\"column\">\n\t\t\t<div class=\"elementor-widget-wrap elementor-element-populated\">\n\t\t\t\t\t\t<div class=\"elementor-element elementor-element-cd227d8 elementor-widget elementor-widget-text-editor\" data-id=\"cd227d8\" data-element_type=\"widget\" data-e-type=\"widget\" data-widget_type=\"text-editor.default\">\n\t\t\t\t<div class=\"elementor-widget-container\">\n\t\t\t\t\t\t\t\t\t<p>Je r\u00e9side \u00e0 Rennes, je me d\u00e9place en voiture moyennant des frais de d\u00e9placement \u00e0 hauteur de 50\u20ac par heure de route. Aller+Retour. \u00e0 r\u00e9gler en amont du rdv.<\/p><p>Pour consulter mes d\u00e9placements, abonne toi \u00e0 <a href=\"https:\/\/t.me\/miamorenews\" rel=\"nofollow\">mon chanel Telegram<\/a> ou consulte r\u00e9guli\u00e8rement l&rsquo;onglet <a href=\"https:\/\/mia-more.fr\/en\/mon-agenda\/\">Tours<\/a><\/p>\t\t\t\t\t\t\t\t<\/div>\n\t\t\t\t<\/div>\n\t\t\t\t<div class=\"elementor-element elementor-element-20db080 elementor-widget elementor-widget-spacer\" data-id=\"20db080\" data-element_type=\"widget\" data-e-type=\"widget\" data-widget_type=\"spacer.default\">\n\t\t\t\t<div class=\"elementor-widget-container\">\n\t\t\t\t\t\t\t<div class=\"elementor-spacer\">\n\t\t\t<div class=\"elementor-spacer-inner\"><\/div>\n\t\t<\/div>\n\t\t\t\t\t\t<\/div>\n\t\t\t\t<\/div>\n\t\t\t\t<div class=\"elementor-element elementor-element-e98ea26 elementor-widget elementor-widget-text-editor\" data-id=\"e98ea26\" data-element_type=\"widget\" data-e-type=\"widget\" data-widget_type=\"text-editor.default\">\n\t\t\t\t<div class=\"elementor-widget-container\">\n\t\t\t\t\t\t\t\t\t<h1>Les Exp\u00e9riences<\/h1><h2><a href=\"https:\/\/mia-more.fr\/en\/rosebzh\/\">s&rsquo;offrir un duo<\/a><\/h2><h2><a href=\"https:\/\/mia-more.fr\/en\/wifey-experience\/\">Wifey Experience<\/a><\/h2><h2>Girlfriend experience<\/h2><h2>Pornstar experience<\/h2>\t\t\t\t\t\t\t\t<\/div>\n\t\t\t\t<\/div>\n\t\t\t\t\t<\/div>\n\t\t<\/div>\n\t\t\t\t\t<\/div>\n\t\t<\/section>\n\t\t\t\t\t<\/div>\n\t\t<\/div>\n\t\t\t\t\t<\/div>\n\t\t<\/section>\n\t\t\t\t<\/div>","protected":false},"excerpt":{"rendered":"<p>TARIFS ENSEMBLE r\u00e9alisons TES fantasmes !\u00a0\u00a0 Tarifs en EUR, non-n\u00e9gociables, non-fractionnables, pas la peine de demander ! 30 minutes : 150 1heure : 250 1 h 1\/2 : 350 2 h : 450 2h1\/2 : 550 3 h : 650 .etc ( 200 par heure supp).Nuit : 1200Weekend : 3500 Social Time : 75\/h Extras\u00a0\u00a0 [&hellip;]<\/p>\n","protected":false},"author":1,"featured_media":0,"parent":0,"menu_order":0,"comment_status":"closed","ping_status":"closed","template":"","meta":{"_jet_sm_ready_style":"","_jet_sm_style":"","_jet_sm_controls_values":"","_jet_sm_fonts_collection":"","_jet_sm_fonts_links":"","footnotes":""},"class_list":["post-12798","page","type-page","status-publish","hentry"],"_links":{"self":[{"href":"https:\/\/mia-more.fr\/en\/wp-json\/wp\/v2\/pages\/12798","targetHints":{"allow":["GET"]}}],"collection":[{"href":"https:\/\/mia-more.fr\/en\/wp-json\/wp\/v2\/pages"}],"about":[{"href":"https:\/\/mia-more.fr\/en\/wp-json\/wp\/v2\/types\/page"}],"author":[{"embeddable":true,"href":"https:\/\/mia-more.fr\/en\/wp-json\/wp\/v2\/users\/1"}],"replies":[{"embeddable":true,"href":"https:\/\/mia-more.fr\/en\/wp-json\/wp\/v2\/comments?post=12798"}],"version-history":[{"count":0,"href":"https:\/\/mia-more.fr\/en\/wp-json\/wp\/v2\/pages\/12798\/revisions"}],"wp:attachment":[{"href":"https:\/\/mia-more.fr\/en\/wp-json\/wp\/v2\/media?parent=12798"}],"curies":[{"name":"wp","href":"https:\/\/api.w.org\/{rel}","templated":true}]}}