{"id":13146,"date":"2022-08-16T20:27:31","date_gmt":"2022-08-16T19:27:31","guid":{"rendered":"https:\/\/mia-more.fr\/?page_id=13146"},"modified":"2026-05-03T11:18:19","modified_gmt":"2026-05-03T10:18:19","slug":"prendre-rdv","status":"publish","type":"page","link":"https:\/\/mia-more.fr\/en\/prendre-rdv\/","title":{"rendered":"make an appointment"},"content":{"rendered":"<div data-elementor-type=\"wp-page\" data-elementor-id=\"13146\" class=\"elementor elementor-13146\" data-elementor-post-type=\"page\">\n\t\t\t\t\t\t<section class=\"elementor-section elementor-top-section elementor-element elementor-element-6636663d elementor-section-height-min-height elementor-section-content-middle elementor-section-boxed elementor-section-height-default elementor-section-items-middle\" data-id=\"6636663d\" data-element_type=\"section\" data-e-type=\"section\" data-settings=\"{&quot;background_background&quot;:&quot;classic&quot;}\">\n\t\t\t\t\t\t\t<div class=\"elementor-background-overlay\"><\/div>\n\t\t\t\t\t\t\t<div class=\"elementor-container elementor-column-gap-no\">\n\t\t\t\t\t<div class=\"elementor-column elementor-col-100 elementor-top-column elementor-element elementor-element-2f7fcb87\" data-id=\"2f7fcb87\" data-element_type=\"column\" data-e-type=\"column\" data-settings=\"{&quot;background_background&quot;:&quot;none&quot;}\">\n\t\t\t<div class=\"elementor-widget-wrap elementor-element-populated\">\n\t\t\t\t\t\t<section class=\"elementor-section elementor-inner-section elementor-element elementor-element-6e9cb0c elementor-section-height-min-height elementor-section-content-middle elementor-section-boxed elementor-section-height-default\" data-id=\"6e9cb0c\" data-element_type=\"section\" data-e-type=\"section\">\n\t\t\t\t\t\t<div class=\"elementor-container elementor-column-gap-default\">\n\t\t\t\t\t<div class=\"elementor-column elementor-col-100 elementor-inner-column elementor-element elementor-element-6546d56a\" data-id=\"6546d56a\" data-element_type=\"column\" data-e-type=\"column\" data-settings=\"{&quot;background_background&quot;:&quot;gradient&quot;}\">\n\t\t\t<div class=\"elementor-widget-wrap elementor-element-populated\">\n\t\t\t\t\t\t<div class=\"elementor-element elementor-element-7c7e6ffe gradient-title elementor-widget elementor-widget-heading\" data-id=\"7c7e6ffe\" data-element_type=\"widget\" data-e-type=\"widget\" data-widget_type=\"heading.default\">\n\t\t\t\t<div class=\"elementor-widget-container\">\n\t\t\t\t\t<h2 class=\"elementor-heading-title elementor-size-default\">make an appointment<\/h2>\t\t\t\t<\/div>\n\t\t\t\t<\/div>\n\t\t\t\t<div class=\"elementor-element elementor-element-5a1f4a53 elementor-widget__width-initial elementor-widget elementor-widget-text-editor\" data-id=\"5a1f4a53\" data-element_type=\"widget\" data-e-type=\"widget\" data-widget_type=\"text-editor.default\">\n\t\t\t\t<div class=\"elementor-widget-container\">\n\t\t\t\t\t\t\t\t\t<p class=\"zw-paragraph heading0\" data-header=\"0\" data-textformat=\"{&quot;size&quot;:&quot;10.50&quot;,&quot;fgc&quot;:&quot;rgb(0, 0, 0)&quot;,&quot;type&quot;:&quot;text&quot;}\" data-margin-bottom=\"10.5pt\" data-hd-info=\"0\" data-line-height=\"1.5\" data-doc-id=\"6428523000000076001\" data-doc-type=\"writer\">After consulting\u00a0\u00a0<a href=\"https:\/\/mia-more.fr\/en\/tarifs\/\">my rates<\/a><\/p><ol data-list-id=\"48341371\" data-list-format=\"{&quot;level0&quot;:{&quot;type&quot;:0,&quot;startsWith&quot;:1,&quot;c&quot;:&quot;\\u0000.&quot;},&quot;level1&quot;:{&quot;type&quot;:4,&quot;startsWith&quot;:1,&quot;c&quot;:&quot;\\u0001.&quot;},&quot;level2&quot;:{&quot;type&quot;:2,&quot;startsWith&quot;:1,&quot;c&quot;:&quot;\\u0002.&quot;},&quot;level3&quot;:{&quot;type&quot;:0,&quot;startsWith&quot;:1,&quot;c&quot;:&quot;\\u0003.&quot;},&quot;level4&quot;:{&quot;type&quot;:4,&quot;startsWith&quot;:1,&quot;c&quot;:&quot;\\u0004.&quot;},&quot;level5&quot;:{&quot;type&quot;:2,&quot;startsWith&quot;:1,&quot;c&quot;:&quot;\\u0005.&quot;},&quot;level6&quot;:{&quot;type&quot;:0,&quot;startsWith&quot;:1,&quot;c&quot;:&quot;\\u0006.&quot;},&quot;level7&quot;:{&quot;type&quot;:4,&quot;startsWith&quot;:1,&quot;c&quot;:&quot;\\u0007.&quot;},&quot;level8&quot;:{&quot;type&quot;:2,&quot;startsWith&quot;:1,&quot;c&quot;:&quot;\\b.&quot;}}\" data-spl-bullet-format=\"{}\"><li><p class=\"zw-list zw-paragraph heading0\" data-header=\"0\" data-textformat=\"{&quot;size&quot;:&quot;10.50&quot;,&quot;fgc&quot;:&quot;rgb(0, 0, 0)&quot;,&quot;type&quot;:&quot;text&quot;}\" data-margin-left=\"0.5in\" data-text-indent=\"-0.25in\" data-margin-bottom=\"10.5pt\" data-hd-info=\"0\" data-line-height=\"1.5\" data-list-id=\"48341371\" data-list-info=\"{&quot;id&quot;:&quot;48341371&quot;,&quot;l&quot;:0}\">TE PRESENTER (Nom, \u00e2ge, etc\u2026)\u00a0\u00a0\u00a0<\/p><\/li><\/ol><ol start=\"2\" data-list-id=\"48341371\" data-list-format=\"{&quot;level0&quot;:{&quot;type&quot;:0,&quot;startsWith&quot;:1,&quot;c&quot;:&quot;\\u0000.&quot;},&quot;level1&quot;:{&quot;type&quot;:4,&quot;startsWith&quot;:1,&quot;c&quot;:&quot;\\u0001.&quot;},&quot;level2&quot;:{&quot;type&quot;:2,&quot;startsWith&quot;:1,&quot;c&quot;:&quot;\\u0002.&quot;},&quot;level3&quot;:{&quot;type&quot;:0,&quot;startsWith&quot;:1,&quot;c&quot;:&quot;\\u0003.&quot;},&quot;level4&quot;:{&quot;type&quot;:4,&quot;startsWith&quot;:1,&quot;c&quot;:&quot;\\u0004.&quot;},&quot;level5&quot;:{&quot;type&quot;:2,&quot;startsWith&quot;:1,&quot;c&quot;:&quot;\\u0005.&quot;},&quot;level6&quot;:{&quot;type&quot;:0,&quot;startsWith&quot;:1,&quot;c&quot;:&quot;\\u0006.&quot;},&quot;level7&quot;:{&quot;type&quot;:4,&quot;startsWith&quot;:1,&quot;c&quot;:&quot;\\u0007.&quot;},&quot;level8&quot;:{&quot;type&quot;:2,&quot;startsWith&quot;:1,&quot;c&quot;:&quot;\\b.&quot;}}\" data-spl-bullet-format=\"{}\"><li><p class=\"zw-list zw-paragraph heading0\" data-header=\"0\" data-textformat=\"{&quot;size&quot;:&quot;10.50&quot;,&quot;fgc&quot;:&quot;rgb(0, 0, 0)&quot;,&quot;type&quot;:&quot;text&quot;}\" data-margin-left=\"0.5in\" data-text-indent=\"-0.25in\" data-margin-bottom=\"10.5pt\" data-hd-info=\"0\" data-line-height=\"1.5\" data-list-id=\"48341371\" data-list-info=\"{&quot;id&quot;:&quot;48341371&quot;,&quot;l&quot;:0}\">Your EXPECTATIONS, your desires, special requests<\/p><\/li><\/ol><ol start=\"3\" data-list-id=\"48341371\" data-list-format=\"{&quot;level0&quot;:{&quot;type&quot;:0,&quot;startsWith&quot;:1,&quot;c&quot;:&quot;\\u0000.&quot;},&quot;level1&quot;:{&quot;type&quot;:4,&quot;startsWith&quot;:1,&quot;c&quot;:&quot;\\u0001.&quot;},&quot;level2&quot;:{&quot;type&quot;:2,&quot;startsWith&quot;:1,&quot;c&quot;:&quot;\\u0002.&quot;},&quot;level3&quot;:{&quot;type&quot;:0,&quot;startsWith&quot;:1,&quot;c&quot;:&quot;\\u0003.&quot;},&quot;level4&quot;:{&quot;type&quot;:4,&quot;startsWith&quot;:1,&quot;c&quot;:&quot;\\u0004.&quot;},&quot;level5&quot;:{&quot;type&quot;:2,&quot;startsWith&quot;:1,&quot;c&quot;:&quot;\\u0005.&quot;},&quot;level6&quot;:{&quot;type&quot;:0,&quot;startsWith&quot;:1,&quot;c&quot;:&quot;\\u0006.&quot;},&quot;level7&quot;:{&quot;type&quot;:4,&quot;startsWith&quot;:1,&quot;c&quot;:&quot;\\u0007.&quot;},&quot;level8&quot;:{&quot;type&quot;:2,&quot;startsWith&quot;:1,&quot;c&quot;:&quot;\\b.&quot;}}\" data-spl-bullet-format=\"{}\"><li><p class=\"zw-list zw-paragraph heading0\" data-header=\"0\" data-textformat=\"{&quot;size&quot;:&quot;10.50&quot;,&quot;fgc&quot;:&quot;rgb(0, 0, 0)&quot;,&quot;type&quot;:&quot;text&quot;}\" data-margin-left=\"0.5in\" data-text-indent=\"-0.25in\" data-margin-bottom=\"10.5pt\" data-hd-info=\"0\" data-line-height=\"1.5\" data-list-id=\"48341371\" data-list-info=\"{&quot;id&quot;:&quot;48341371&quot;,&quot;l&quot;:0}\">Your AVAILABILITIES<\/p><\/li><\/ol><ol start=\"4\" data-list-id=\"48341371\" data-list-format=\"{&quot;level0&quot;:{&quot;type&quot;:0,&quot;startsWith&quot;:1,&quot;c&quot;:&quot;\\u0000.&quot;},&quot;level1&quot;:{&quot;type&quot;:4,&quot;startsWith&quot;:1,&quot;c&quot;:&quot;\\u0001.&quot;},&quot;level2&quot;:{&quot;type&quot;:2,&quot;startsWith&quot;:1,&quot;c&quot;:&quot;\\u0002.&quot;},&quot;level3&quot;:{&quot;type&quot;:0,&quot;startsWith&quot;:1,&quot;c&quot;:&quot;\\u0003.&quot;},&quot;level4&quot;:{&quot;type&quot;:4,&quot;startsWith&quot;:1,&quot;c&quot;:&quot;\\u0004.&quot;},&quot;level5&quot;:{&quot;type&quot;:2,&quot;startsWith&quot;:1,&quot;c&quot;:&quot;\\u0005.&quot;},&quot;level6&quot;:{&quot;type&quot;:0,&quot;startsWith&quot;:1,&quot;c&quot;:&quot;\\u0006.&quot;},&quot;level7&quot;:{&quot;type&quot;:4,&quot;startsWith&quot;:1,&quot;c&quot;:&quot;\\u0007.&quot;},&quot;level8&quot;:{&quot;type&quot;:2,&quot;startsWith&quot;:1,&quot;c&quot;:&quot;\\b.&quot;}}\" data-spl-bullet-format=\"{}\"><li><p class=\"zw-list zw-paragraph heading0\" data-header=\"0\" data-textformat=\"{&quot;size&quot;:&quot;10.50&quot;,&quot;fgc&quot;:&quot;rgb(0, 0, 0)&quot;,&quot;type&quot;:&quot;text&quot;}\" data-margin-left=\"0.5in\" data-text-indent=\"-0.25in\" data-margin-bottom=\"10.5pt\" data-hd-info=\"0\" data-line-height=\"1.5\" data-list-id=\"48341371\" data-list-info=\"{&quot;id&quot;:&quot;48341371&quot;,&quot;l&quot;:0}\">The LOCATION (incall or outcall)<\/p><\/li><\/ol><ol start=\"5\" data-list-id=\"48341371\" data-list-format=\"{&quot;level0&quot;:{&quot;type&quot;:0,&quot;startsWith&quot;:1,&quot;c&quot;:&quot;\\u0000.&quot;},&quot;level1&quot;:{&quot;type&quot;:4,&quot;startsWith&quot;:1,&quot;c&quot;:&quot;\\u0001.&quot;},&quot;level2&quot;:{&quot;type&quot;:2,&quot;startsWith&quot;:1,&quot;c&quot;:&quot;\\u0002.&quot;},&quot;level3&quot;:{&quot;type&quot;:0,&quot;startsWith&quot;:1,&quot;c&quot;:&quot;\\u0003.&quot;},&quot;level4&quot;:{&quot;type&quot;:4,&quot;startsWith&quot;:1,&quot;c&quot;:&quot;\\u0004.&quot;},&quot;level5&quot;:{&quot;type&quot;:2,&quot;startsWith&quot;:1,&quot;c&quot;:&quot;\\u0005.&quot;},&quot;level6&quot;:{&quot;type&quot;:0,&quot;startsWith&quot;:1,&quot;c&quot;:&quot;\\u0006.&quot;},&quot;level7&quot;:{&quot;type&quot;:4,&quot;startsWith&quot;:1,&quot;c&quot;:&quot;\\u0007.&quot;},&quot;level8&quot;:{&quot;type&quot;:2,&quot;startsWith&quot;:1,&quot;c&quot;:&quot;\\b.&quot;}}\" data-spl-bullet-format=\"{}\"><li><p class=\"zw-list zw-paragraph heading0\" data-header=\"0\" data-textformat=\"{&quot;size&quot;:&quot;10.50&quot;,&quot;fgc&quot;:&quot;rgb(0, 0, 0)&quot;,&quot;type&quot;:&quot;text&quot;}\" data-margin-left=\"0.5in\" data-text-indent=\"-0.25in\" data-margin-bottom=\"10.5pt\" data-hd-info=\"0\" data-line-height=\"1.5\" data-list-id=\"48341371\" data-list-info=\"{&quot;id&quot;:&quot;48341371&quot;,&quot;l&quot;:0}\">The desired LENGTH of our date.<\/p><\/li><li><p class=\"zw-list zw-paragraph heading0\" data-header=\"0\" data-textformat=\"{&quot;size&quot;:&quot;10.50&quot;,&quot;fgc&quot;:&quot;rgb(0, 0, 0)&quot;,&quot;type&quot;:&quot;text&quot;}\" data-margin-left=\"0.5in\" data-text-indent=\"-0.25in\" data-margin-bottom=\"10.5pt\" data-hd-info=\"0\" data-line-height=\"1.5\" data-list-id=\"48341371\" data-list-info=\"{&quot;id&quot;:&quot;48341371&quot;,&quot;l&quot;:0}\">PHOTO non-obligatoire, mais appr\u00e9ci\u00e9e.<\/p><\/li><\/ol><p class=\"zw-paragraph heading0\" data-header=\"0\" data-textformat=\"{&quot;size&quot;:&quot;10.50&quot;,&quot;fgc&quot;:&quot;rgb(0, 0, 0)&quot;,&quot;type&quot;:&quot;text&quot;}\" data-margin-bottom=\"10.5pt\" data-hd-info=\"0\" data-line-height=\"1.5\">Once all this is written, send me:<\/p><ul data-list-id=\"37817255\" data-list-format=\"{&quot;level0&quot;:{&quot;type&quot;:6,&quot;startsWith&quot;:1},&quot;level1&quot;:{&quot;type&quot;:7,&quot;startsWith&quot;:1},&quot;level2&quot;:{&quot;type&quot;:8,&quot;startsWith&quot;:1},&quot;level3&quot;:{&quot;type&quot;:6,&quot;startsWith&quot;:1},&quot;level4&quot;:{&quot;type&quot;:7,&quot;startsWith&quot;:1},&quot;level5&quot;:{&quot;type&quot;:8,&quot;startsWith&quot;:1},&quot;level6&quot;:{&quot;type&quot;:6,&quot;startsWith&quot;:1},&quot;level7&quot;:{&quot;type&quot;:7,&quot;startsWith&quot;:1},&quot;level8&quot;:{&quot;type&quot;:8,&quot;startsWith&quot;:1}}\" data-spl-bullet-format=\"{}\"><li><p class=\"zw-list zw-paragraph heading0\" data-header=\"0\" data-textformat=\"{&quot;size&quot;:&quot;10.50&quot;,&quot;fgc&quot;:&quot;rgb(0, 0, 0)&quot;,&quot;type&quot;:&quot;text&quot;}\" data-margin-left=\"0.5in\" data-text-indent=\"-0.25in\" data-margin-bottom=\"10.5pt\" data-hd-info=\"0\" data-line-height=\"1.5\" data-list-id=\"37817255\" data-list-info=\"{&quot;id&quot;:&quot;37817255&quot;,&quot;l&quot;:0}\">Un sms ou message Whatsapp au 0767927679<\/p><\/li><\/ul><ul data-list-id=\"37817255\" data-list-format=\"{&quot;level0&quot;:{&quot;type&quot;:6,&quot;startsWith&quot;:1},&quot;level1&quot;:{&quot;type&quot;:7,&quot;startsWith&quot;:1},&quot;level2&quot;:{&quot;type&quot;:8,&quot;startsWith&quot;:1},&quot;level3&quot;:{&quot;type&quot;:6,&quot;startsWith&quot;:1},&quot;level4&quot;:{&quot;type&quot;:7,&quot;startsWith&quot;:1},&quot;level5&quot;:{&quot;type&quot;:8,&quot;startsWith&quot;:1},&quot;level6&quot;:{&quot;type&quot;:6,&quot;startsWith&quot;:1},&quot;level7&quot;:{&quot;type&quot;:7,&quot;startsWith&quot;:1},&quot;level8&quot;:{&quot;type&quot;:8,&quot;startsWith&quot;:1}}\" data-spl-bullet-format=\"{}\"><li><p class=\"zw-list zw-paragraph heading0\" data-header=\"0\" data-textformat=\"{&quot;size&quot;:&quot;10.50&quot;,&quot;fgc&quot;:&quot;rgb(0, 0, 0)&quot;,&quot;type&quot;:&quot;text&quot;}\" data-margin-left=\"0.5in\" data-text-indent=\"-0.25in\" data-margin-bottom=\"10.5pt\" data-hd-info=\"0\" data-line-height=\"1.5\" data-list-id=\"37817255\" data-list-info=\"{&quot;id&quot;:&quot;37817255&quot;,&quot;l&quot;:0}\">Or email me : contactmiamore@protonmail.com<\/p><\/li><\/ul><p class=\"zw-paragraph heading0\" data-header=\"0\" data-textformat=\"{&quot;size&quot;:&quot;10.50&quot;,&quot;fgc&quot;:&quot;rgb(0, 0, 0)&quot;,&quot;type&quot;:&quot;text&quot;}\" data-margin-bottom=\"10.5pt\" data-hd-info=\"0\" data-line-height=\"1.5\">Keep in mind that if you don't give me the details I ask for above, my magic crystal ball won\u2019t tell me them, either! So either I won't respond, or I'll ask you for more information.<\/p>\t\t\t\t\t\t\t\t<\/div>\n\t\t\t\t<\/div>\n\t\t\t\t\t<\/div>\n\t\t<\/div>\n\t\t\t\t\t<\/div>\n\t\t<\/section>\n\t\t\t\t\t<\/div>\n\t\t<\/div>\n\t\t\t\t\t<\/div>\n\t\t<\/section>\n\t\t\t\t<\/div>","protected":false},"excerpt":{"rendered":"<p>Prendre RDV Apr\u00e8s avoir consult\u00e9 mes\u00a0\u00a0mes tarifs TE PRESENTER (Nom, \u00e2ge, etc\u2026)\u00a0\u00a0\u00a0 Tes ATTENTES, tes d\u00e9sirs, demandes sp\u00e9ciales tes DISPONIBILITES Le LIEU (incall or outcall) La DUREE souhait\u00e9e. PHOTO non-obligatoire, mais appr\u00e9ci\u00e9e. Une fois tout cela \u00e9crit, envoie moi Un sms ou message Whatsapp au 0767927679 Ou un email contactmiamore@protonmail.com Garde bien en t\u00eate que [&hellip;]<\/p>\n","protected":false},"author":1,"featured_media":0,"parent":0,"menu_order":0,"comment_status":"closed","ping_status":"closed","template":"","meta":{"_jet_sm_ready_style":"","_jet_sm_style":"","_jet_sm_controls_values":"","_jet_sm_fonts_collection":"","_jet_sm_fonts_links":"","footnotes":""},"class_list":["post-13146","page","type-page","status-publish","hentry"],"_links":{"self":[{"href":"https:\/\/mia-more.fr\/en\/wp-json\/wp\/v2\/pages\/13146","targetHints":{"allow":["GET"]}}],"collection":[{"href":"https:\/\/mia-more.fr\/en\/wp-json\/wp\/v2\/pages"}],"about":[{"href":"https:\/\/mia-more.fr\/en\/wp-json\/wp\/v2\/types\/page"}],"author":[{"embeddable":true,"href":"https:\/\/mia-more.fr\/en\/wp-json\/wp\/v2\/users\/1"}],"replies":[{"embeddable":true,"href":"https:\/\/mia-more.fr\/en\/wp-json\/wp\/v2\/comments?post=13146"}],"version-history":[{"count":3,"href":"https:\/\/mia-more.fr\/en\/wp-json\/wp\/v2\/pages\/13146\/revisions"}],"predecessor-version":[{"id":14880,"href":"https:\/\/mia-more.fr\/en\/wp-json\/wp\/v2\/pages\/13146\/revisions\/14880"}],"wp:attachment":[{"href":"https:\/\/mia-more.fr\/en\/wp-json\/wp\/v2\/media?parent=13146"}],"curies":[{"name":"wp","href":"https:\/\/api.w.org\/{rel}","templated":true}]}}